{"id":805,"date":"2024-03-23T14:44:06","date_gmt":"2024-03-23T13:44:06","guid":{"rendered":"http:\/\/foto-adventure.de\/?page_id=805"},"modified":"2024-11-04T17:07:04","modified_gmt":"2024-11-04T16:07:04","slug":"copyright","status":"publish","type":"page","link":"https:\/\/foto-adventure.de\/index.php\/copyright\/","title":{"rendered":"Copyright"},"content":{"rendered":"<p style=\"text-align: center;\"><em>Alle Inhalte, insbesondere Texte, Fotografien und Grafiken sind urheberrechtlich gesch\u00fctzt. <\/em><em>Alle Rechte, einschlie\u00dflich der Vervielf\u00e4ltigung, Ver\u00f6ffentlichung, Bearbeitung und \u00dcbersetzung, bleiben vorbehalten.<\/em><\/p>\n<p style=\"text-align: center;\"><em><span class=\"copyright-info\">Andreas Sachs<br \/>\nwww.foto-adventure.de<\/span><\/em><\/p>\n<p style=\"text-align: center;\"><em><span class=\"copyright-info\"><br \/>\n\u00a9 Copyright 2024 \u2013 All rights reserved.<br \/>\nFor licensing requests contact me please&#8230;<\/span><\/em><\/p>\n","protected":false},"excerpt":{"rendered":"<p>Alle Inhalte, insbesondere Texte, Fotografien und Grafiken sind urheberrechtlich gesch\u00fctzt. Alle Rechte, einschlie\u00dflich der Vervielf\u00e4ltigung, Ver\u00f6ffentlichung, Bearbeitung und \u00dcbersetzung, bleiben vorbehalten. Andreas Sachs www.foto-adventure.de \u00a9 Copyright 2024 \u2013 All rights reserved. For licensing requests contact me please&#8230;<\/p>\n","protected":false},"author":2,"featured_media":0,"parent":0,"menu_order":0,"comment_status":"closed","ping_status":"closed","template":"","meta":{"ngg_post_thumbnail":0,"footnotes":""},"class_list":["post-805","page","type-page","status-publish","hentry"],"_links":{"self":[{"href":"https:\/\/foto-adventure.de\/index.php\/wp-json\/wp\/v2\/pages\/805","targetHints":{"allow":["GET"]}}],"collection":[{"href":"https:\/\/foto-adventure.de\/index.php\/wp-json\/wp\/v2\/pages"}],"about":[{"href":"https:\/\/foto-adventure.de\/index.php\/wp-json\/wp\/v2\/types\/page"}],"author":[{"embeddable":true,"href":"https:\/\/foto-adventure.de\/index.php\/wp-json\/wp\/v2\/users\/2"}],"replies":[{"embeddable":true,"href":"https:\/\/foto-adventure.de\/index.php\/wp-json\/wp\/v2\/comments?post=805"}],"version-history":[{"count":4,"href":"https:\/\/foto-adventure.de\/index.php\/wp-json\/wp\/v2\/pages\/805\/revisions"}],"predecessor-version":[{"id":4885,"href":"https:\/\/foto-adventure.de\/index.php\/wp-json\/wp\/v2\/pages\/805\/revisions\/4885"}],"wp:attachment":[{"href":"https:\/\/foto-adventure.de\/index.php\/wp-json\/wp\/v2\/media?parent=805"}],"curies":[{"name":"wp","href":"https:\/\/api.w.org\/{rel}","templated":true}]}}